{"id":2715,"date":"2022-08-22T12:29:07","date_gmt":"2022-08-22T12:29:07","guid":{"rendered":"https:\/\/auxiliarecruteme-n2n7ejzpnf.live-website.com\/contacto\/"},"modified":"2024-02-26T08:48:24","modified_gmt":"2024-02-26T08:48:24","slug":"contacto","status":"publish","type":"page","link":"https:\/\/auxilia-recrutement.com\/pt-pt\/contacto\/","title":{"rendered":"Contacto"},"content":{"rendered":"<div class=\"fusion-fullwidth fullwidth-box fusion-builder-row-1 fusion-flex-container nonhundred-percent-fullwidth non-hundred-percent-height-scrolling\" style=\"--awb-border-sizes-top:0px;--awb-border-sizes-bottom:0px;--awb-border-sizes-left:0px;--awb-border-sizes-right:0px;--awb-border-radius-top-left:0px;--awb-border-radius-top-right:0px;--awb-border-radius-bottom-right:0px;--awb-border-radius-bottom-left:0px;--awb-padding-top:120px;--awb-padding-bottom:120px;--awb-padding-top-medium:90px;--awb-padding-bottom-medium:90px;--awb-padding-top-small:80px;--awb-padding-bottom-small:80px;--awb-background-color:var(--awb-color1);--awb-flex-wrap:wrap;\" ><div class=\"fusion-builder-row fusion-row fusion-flex-align-items-flex-start fusion-flex-content-wrap\" style=\"max-width:calc( 1200px + 100px );margin-left: calc(-100px \/ 2 );margin-right: calc(-100px \/ 2 );\"><div class=\"fusion-layout-column fusion_builder_column fusion-builder-column-0 fusion-flex-column fusion-animated\" style=\"--awb-bg-size:cover;--awb-border-color:hsla(var(--awb-color8-h),var(--awb-color8-s),var(--awb-color8-l),calc( var(--awb-color8-a) - 92% ));--awb-border-style:solid;--awb-width-large:45%;--awb-margin-top-large:0px;--awb-spacing-right-large:50px;--awb-margin-bottom-large:0px;--awb-spacing-left-large:50px;--awb-width-medium:50%;--awb-order-medium:0;--awb-spacing-right-medium:50px;--awb-spacing-left-medium:50px;--awb-width-small:100%;--awb-order-small:1;--awb-margin-top-small:0px;--awb-spacing-right-small:50px;--awb-margin-bottom-small:30px;--awb-spacing-left-small:50px;\" data-animationType=\"fadeInUp\" data-animationDuration=\"1.2\" data-animationOffset=\"top-into-view\"><div class=\"fusion-column-wrapper fusion-column-has-shadow fusion-flex-justify-content-flex-start fusion-content-layout-column\"><div class=\"fusion-image-element \" style=\"--awb-aspect-ratio: 100 \/ 47;--awb-object-position:46% 17%;--awb-margin-bottom:0px;--awb-caption-title-font-family:var(--h2_typography-font-family);--awb-caption-title-font-weight:var(--h2_typography-font-weight);--awb-caption-title-font-style:var(--h2_typography-font-style);--awb-caption-title-size:var(--h2_typography-font-size);--awb-caption-title-transform:var(--h2_typography-text-transform);--awb-caption-title-line-height:var(--h2_typography-line-height);--awb-caption-title-letter-spacing:var(--h2_typography-letter-spacing);\"><span class=\" fusion-imageframe imageframe-none imageframe-1 hover-type-none has-aspect-ratio\"><img decoding=\"async\" width=\"2000\" height=\"1272\" title=\"contact\" src=\"https:\/\/auxilia-recrutement.com\/wp-content\/uploads\/2024\/01\/contact.jpg\" data-orig-src=\"https:\/\/auxiliarecruteme-n2n7ejzpnf.live-website.com\/wp-content\/uploads\/2024\/01\/contact.jpg\" class=\"lazyload img-responsive wp-image-2646 img-with-aspect-ratio\" alt srcset=\"data:image\/svg+xml,%3Csvg%20xmlns%3D%27http%3A%2F%2Fwww.w3.org%2F2000%2Fsvg%27%20width%3D%272000%27%20height%3D%271272%27%20viewBox%3D%270%200%202000%201272%27%3E%3Crect%20width%3D%272000%27%20height%3D%271272%27%20fill-opacity%3D%220%22%2F%3E%3C%2Fsvg%3E\" data-srcset=\"https:\/\/auxilia-recrutement.com\/wp-content\/uploads\/2024\/01\/contact-200x127.jpg 200w, https:\/\/auxilia-recrutement.com\/wp-content\/uploads\/2024\/01\/contact-400x254.jpg 400w, https:\/\/auxilia-recrutement.com\/wp-content\/uploads\/2024\/01\/contact-600x382.jpg 600w, https:\/\/auxilia-recrutement.com\/wp-content\/uploads\/2024\/01\/contact-800x509.jpg 800w, https:\/\/auxilia-recrutement.com\/wp-content\/uploads\/2024\/01\/contact-1200x763.jpg 1200w, https:\/\/auxilia-recrutement.com\/wp-content\/uploads\/2024\/01\/contact.jpg 2000w\" data-sizes=\"auto\" data-orig-sizes=\"(max-width: 700px) 100vw, 600px\" \/><\/span><\/div><div class=\"fusion-builder-row fusion-builder-row-inner fusion-row fusion-flex-align-items-flex-start fusion-flex-content-wrap\" style=\"width:calc( 100% + 100px ) !important;max-width:calc( 100% + 100px ) !important;margin-left: calc(-100px \/ 2 );margin-right: calc(-100px \/ 2 );\"><div class=\"fusion-layout-column fusion_builder_column_inner fusion-builder-nested-column-0 fusion_builder_column_inner_1_1 1_1 fusion-flex-column\" style=\"--awb-padding-top:80px;--awb-padding-right:50px;--awb-padding-bottom:80px;--awb-padding-left:50px;--awb-padding-top-medium:60px;--awb-padding-right-medium:45px;--awb-padding-bottom-medium:60px;--awb-padding-left-medium:45px;--awb-bg-color:var(--awb-custom_color_1);--awb-bg-color-hover:var(--awb-custom_color_1);--awb-bg-size:cover;--awb-width-large:100%;--awb-margin-top-large:0px;--awb-spacing-right-large:50px;--awb-margin-bottom-large:0px;--awb-spacing-left-large:50px;--awb-width-medium:100%;--awb-order-medium:0;--awb-spacing-right-medium:50px;--awb-spacing-left-medium:50px;--awb-width-small:100%;--awb-order-small:0;--awb-spacing-right-small:50px;--awb-spacing-left-small:50px;\"><div class=\"fusion-column-wrapper fusion-column-has-shadow fusion-flex-justify-content-flex-start fusion-content-layout-column\"><div class=\"fusion-title title fusion-title-1 fusion-sep-none fusion-title-text fusion-title-size-five\" style=\"--awb-text-color:var(--awb-color1);--awb-margin-bottom:20px;\"><h5 class=\"fusion-title-heading title-heading-left fusion-responsive-typography-calculated\" style=\"margin:0;--fontSize:20;--minFontSize:20;line-height:1.4;\">Auxilia Recrutamento<\/h5><\/div><div class=\"fusion-text fusion-text-1 fusion-text-no-margin\" style=\"--awb-text-color:var(--awb-color1);\"><p>9 Rue d&#8217;Alsace<br \/>\n60200 Compi\u00e8gne<\/p>\n<p><strong>B\u00e9reng\u00e8re Bry<br \/>\n<\/strong>Contacto Clientes-Candidatos <em>Fran\u00e7a<\/em><br \/>\n<span style=\"text-decoration: underline;\">tel:<\/span> +33 (0) 6 18 73 23 51<br \/>\n<span style=\"text-decoration: underline;\">mail:<\/span> b.bry@auxilia-recrutement.com<\/p>\n<p><strong>Carla Machado<br \/>\n<\/strong>UE Contacto Candidatos Portugal e outros pa\u00edses da U.E<br \/>\n<span style=\"text-decoration: underline;\">tel:<\/span> +351 928 057 812<br \/>\n<span style=\"text-decoration: underline;\">mail:<\/span> c.machado@auxilia-recrutement.com<\/p>\n<\/div><\/div><\/div><\/div><\/div><\/div><div class=\"fusion-layout-column fusion_builder_column fusion-builder-column-1 fusion-flex-column fusion-animated\" style=\"--awb-bg-size:cover;--awb-border-color:hsla(var(--awb-color8-h),var(--awb-color8-s),var(--awb-color8-l),calc( var(--awb-color8-a) - 92% ));--awb-border-style:solid;--awb-width-large:55%;--awb-margin-top-large:0px;--awb-spacing-right-large:50px;--awb-margin-bottom-large:0px;--awb-spacing-left-large:50px;--awb-width-medium:50%;--awb-order-medium:0;--awb-spacing-right-medium:50px;--awb-spacing-left-medium:50px;--awb-width-small:100%;--awb-order-small:0;--awb-margin-top-small:0px;--awb-spacing-right-small:50px;--awb-margin-bottom-small:30px;--awb-spacing-left-small:50px;\" data-animationType=\"fadeInUp\" data-animationDuration=\"1.2\" data-animationOffset=\"top-into-view\"><div class=\"fusion-column-wrapper fusion-column-has-shadow fusion-flex-justify-content-flex-start fusion-content-layout-column\"><div class=\"fusion-title title fusion-title-2 fusion-sep-none fusion-title-text fusion-title-size-two\" style=\"--awb-margin-top:0px;--awb-margin-bottom:20px;\"><h2 class=\"fusion-title-heading title-heading-left\" style=\"margin:0;\">Contactar-nos<\/h2><\/div><div class=\"fusion-text fusion-text-2\"><p>Precisa de informa\u00e7\u00f5es adicionais ? N\u00e3o hesite a preencher o formul\u00e1rio que se segue. N\u00f3s entraremos em contato com a maior brevidade.<\/p>\n<\/div><div class=\"fusion-form fusion-form-builder fusion-form-form-wrapper fusion-form-1741\" style=\"--awb-tooltip-text-color:var(--awb-color8);--awb-tooltip-background-color:var(--awb-color1);--awb-form-input-height:60px;--awb-form-bg-color:var(--awb-color1);--awb-form-placeholder-color:hsla(var(--awb-color8-h),var(--awb-color8-s),var(--awb-color8-l),calc(var(--awb-color8-a) - 20%));--awb-form-text-color:var(--awb-color8);--awb-form-label-color:var(--awb-color8);--awb-form-border-color:var(--awb-color3);--awb-form-focus-border-color:var(--awb-color4);--awb-form-focus-border-hover-color:hsla(var(--awb-color4-h),var(--awb-color4-s),var(--awb-color4-l),calc(var(--awb-color4-a) - 50%));--awb-form-border-radius:6px;\" data-form-id=\"1741\" data-config=\"{&quot;form_id&quot;:1741,&quot;form_post_id&quot;:1741,&quot;post_id&quot;:2715,&quot;form_type&quot;:&quot;ajax&quot;,&quot;confirmation_type&quot;:&quot;message&quot;,&quot;redirect_url&quot;:&quot;&quot;,&quot;field_labels&quot;:{&quot;first_name&quot;:&quot;Pr\\u00e9nom&quot;,&quot;last_name&quot;:&quot;Nom&quot;,&quot;email&quot;:&quot;Email&quot;,&quot;your_challenge&quot;:&quot;Votre message&quot;},&quot;field_logics&quot;:{&quot;first_name&quot;:&quot;&quot;,&quot;last_name&quot;:&quot;&quot;,&quot;email&quot;:&quot;&quot;,&quot;your_challenge&quot;:&quot;&quot;,&quot;notice_1&quot;:&quot;&quot;},&quot;field_types&quot;:{&quot;first_name&quot;:&quot;text&quot;,&quot;last_name&quot;:&quot;text&quot;,&quot;email&quot;:&quot;email&quot;,&quot;your_challenge&quot;:&quot;textarea&quot;,&quot;submit_1&quot;:&quot;submit&quot;,&quot;notice_1&quot;:&quot;notice&quot;},&quot;nonce_method&quot;:&quot;ajax&quot;}\"><form action=\"https:\/\/auxilia-recrutement.com\/pt-pt\/contacto\/\" method=\"post\" class=\"fusion-form fusion-form-1741\"><div class=\"fusion-fullwidth fullwidth-box fusion-builder-row-1-1 fusion-flex-container nonhundred-percent-fullwidth non-hundred-percent-height-scrolling\" style=\"--awb-border-radius-top-left:0px;--awb-border-radius-top-right:0px;--awb-border-radius-bottom-right:0px;--awb-border-radius-bottom-left:0px;--awb-padding-top:0px;--awb-padding-right:0px;--awb-padding-bottom:0px;--awb-padding-left:0px;--awb-flex-wrap:wrap;\" ><div class=\"fusion-builder-row fusion-row fusion-flex-align-items-flex-start fusion-flex-content-wrap\" style=\"width:104% !important;max-width:104% !important;margin-left: calc(-4% \/ 2 );margin-right: calc(-4% \/ 2 );\"><div class=\"fusion-layout-column fusion_builder_column fusion-builder-column-2 fusion_builder_column_1_2 1_2 fusion-flex-column\" style=\"--awb-bg-size:cover;--awb-width-large:50%;--awb-margin-top-large:0px;--awb-spacing-right-large:3.84%;--awb-margin-bottom-large:0px;--awb-spacing-left-large:3.84%;--awb-width-medium:50%;--awb-order-medium:0;--awb-spacing-right-medium:3.84%;--awb-spacing-left-medium:3.84%;--awb-width-small:100%;--awb-order-small:0;--awb-spacing-right-small:1.92%;--awb-spacing-left-small:1.92%;\"><div class=\"fusion-column-wrapper fusion-column-has-shadow fusion-flex-justify-content-flex-start fusion-content-layout-column\"><div class=\"fusion-form-field fusion-form-text-field fusion-form-label-above\" style=\"\" data-form-id=\"1741\"><div class=\"fusion-form-label-wrapper\"><label for=\"first_name\">Pr\u00e9nom <abbr class=\"fusion-form-element-required\" title=\"required\">*<\/abbr><\/label><\/div><input type=\"text\" name=\"first_name\" id=\"first_name\" value=\"\"  class=\"fusion-form-input\" required=\"true\" aria-required=\"true\" placeholder=\"Votre pr\u00e9nom ici*\" data-holds-private-data=\"false\" minlength=\"0\"\/><\/div><\/div><\/div><div class=\"fusion-layout-column fusion_builder_column fusion-builder-column-3 fusion_builder_column_1_2 1_2 fusion-flex-column\" style=\"--awb-bg-size:cover;--awb-width-large:50%;--awb-margin-top-large:0px;--awb-spacing-right-large:3.84%;--awb-margin-bottom-large:0px;--awb-spacing-left-large:3.84%;--awb-width-medium:50%;--awb-order-medium:0;--awb-spacing-right-medium:3.84%;--awb-spacing-left-medium:3.84%;--awb-width-small:100%;--awb-order-small:0;--awb-spacing-right-small:1.92%;--awb-spacing-left-small:1.92%;\"><div class=\"fusion-column-wrapper fusion-column-has-shadow fusion-flex-justify-content-flex-start fusion-content-layout-column\"><div class=\"fusion-form-field fusion-form-text-field fusion-form-label-above\" style=\"\" data-form-id=\"1741\"><div class=\"fusion-form-label-wrapper\"><label for=\"last_name\">Nom <abbr class=\"fusion-form-element-required\" title=\"required\">*<\/abbr><\/label><\/div><input type=\"text\" name=\"last_name\" id=\"last_name\" value=\"\"  class=\"fusion-form-input\" required=\"true\" aria-required=\"true\" placeholder=\"Votre nom ici*\" data-holds-private-data=\"false\" minlength=\"0\"\/><\/div><\/div><\/div><div class=\"fusion-layout-column fusion_builder_column fusion-builder-column-4 fusion_builder_column_1_1 1_1 fusion-flex-column\" style=\"--awb-bg-size:cover;--awb-width-large:100%;--awb-margin-top-large:0px;--awb-spacing-right-large:1.92%;--awb-margin-bottom-large:0px;--awb-spacing-left-large:1.92%;--awb-width-medium:100%;--awb-order-medium:0;--awb-spacing-right-medium:1.92%;--awb-spacing-left-medium:1.92%;--awb-width-small:100%;--awb-order-small:0;--awb-spacing-right-small:1.92%;--awb-spacing-left-small:1.92%;\"><div class=\"fusion-column-wrapper fusion-column-has-shadow fusion-flex-justify-content-flex-start fusion-content-layout-column\"><div class=\"fusion-form-field fusion-form-email-field fusion-form-label-above\" style=\"\" data-form-id=\"1741\"><div class=\"fusion-form-label-wrapper\"><label for=\"email\">Email <abbr class=\"fusion-form-element-required\" title=\"required\">*<\/abbr><\/label><\/div><input type=\"email\" name=\"email\" id=\"email\" value=\"\"  class=\"fusion-form-input\" required=\"true\" aria-required=\"true\" placeholder=\"votreemail@email.com*\" data-holds-private-data=\"false\"\/><\/div><div class=\"fusion-form-field fusion-form-textarea-field fusion-form-label-above\" style=\"\" data-form-id=\"1741\"><label for=\"your_challenge\">Votre message<\/label><textarea cols=\"40\"  minlength=\"0\"  rows=\"4\" tabindex=\"\" id=\"your_challenge\" name=\"your_challenge\" class=\"fusion-form-input\" data-holds-private-data=\"false\"><\/textarea><\/div><div class=\"fusion-form-field fusion-form-submit-field fusion-form-label-above\" style=\"\" data-form-id=\"1741\"><div style=\"text-align:center;\"><button type=\"submit\" class=\"fusion-button button-flat fusion-button-default-size button-custom fusion-button-default button-1 fusion-button-span-yes  form-form-submit button-default\" style=\"--button_accent_color:var(--awb-color1);--button_accent_hover_color:var(--awb-color1);--button_border_hover_color:var(--awb-color1);--button-border-radius-top-left:50px;--button-border-radius-top-right:50px;--button-border-radius-bottom-right:50px;--button-border-radius-bottom-left:50px;--button_gradient_top_color:var(--awb-custom_color_2);--button_gradient_bottom_color:var(--awb-custom_color_2);--button_gradient_top_color_hover:hsla(var(--awb-custom_color_1-h),var(--awb-custom_color_1-s),calc(var(--awb-custom_color_1-l) - 10%),var(--awb-custom_color_1-a));--button_gradient_bottom_color_hover:hsla(var(--awb-custom_color_1-h),var(--awb-custom_color_1-s),calc(var(--awb-custom_color_1-l) - 10%),var(--awb-custom_color_1-a));--button_text_transform:var(--awb-typography3-text-transform);--button_font_size:var(--awb-typography3-font-size);--button_line_height:var(--awb-typography3-line-height);--button_padding-top:25px;--button_padding-bottom:25px;--button_typography-letter-spacing:var(--awb-typography3-letter-spacing);--button_typography-font-family:var(--awb-typography3-font-family);--button_typography-font-weight:var(--awb-typography3-font-weight);--button_typography-font-style:var(--awb-typography3-font-style);\" data-hover=\"text_slide_up\" data-form-number=\"1741\" tabindex=\"\"><div class=\"awb-button-text-transition\"><span class=\"fusion-button-text\">Envoyer<\/span><span class=\"fusion-button-text\">Envoyer<\/span><\/div><\/button><\/div><\/div><\/div><\/div><div class=\"fusion-layout-column fusion_builder_column fusion-builder-column-5 fusion_builder_column_1_1 1_1 fusion-flex-column\" style=\"--awb-bg-size:cover;--awb-width-large:100%;--awb-margin-top-large:10px;--awb-spacing-right-large:1.92%;--awb-margin-bottom-large:0px;--awb-spacing-left-large:1.92%;--awb-width-medium:100%;--awb-order-medium:0;--awb-spacing-right-medium:1.92%;--awb-spacing-left-medium:1.92%;--awb-width-small:100%;--awb-order-small:0;--awb-spacing-right-small:1.92%;--awb-spacing-left-small:1.92%;\"><div class=\"fusion-column-wrapper fusion-column-has-shadow fusion-flex-justify-content-flex-start fusion-content-layout-column\"><div class=\"form-submission-notices data-notice_1\" id=\"fusion-notices-1\"><div class=\"fusion-alert alert success alert-success fusion-alert-center fusion-form-response fusion-form-response-success awb-alert-native-link-color alert-dismissable awb-alert-close-boxed\" role=\"alert\"><div class=\"fusion-alert-content-wrapper\"><span class=\"alert-icon\"><i class=\"awb-icon-check-circle\" aria-hidden=\"true\"><\/i><\/span><span class=\"fusion-alert-content\">Thank you for your message. It has been sent.<\/span><\/div><button type=\"button\" class=\"close toggle-alert\" data-dismiss=\"alert\" aria-label=\"Close\">&times;<\/button><\/div><div class=\"fusion-alert alert error alert-danger fusion-alert-center fusion-form-response fusion-form-response-error awb-alert-native-link-color alert-dismissable awb-alert-close-boxed\" role=\"alert\"><div class=\"fusion-alert-content-wrapper\"><span class=\"alert-icon\"><i class=\"awb-icon-exclamation-triangle\" aria-hidden=\"true\"><\/i><\/span><span class=\"fusion-alert-content\">There was an error trying to send your message. Please try again later.<\/span><\/div><button type=\"button\" class=\"close toggle-alert\" data-dismiss=\"alert\" aria-label=\"Close\">&times;<\/button><\/div><\/div><\/div><\/div><\/div><\/div><\/form><\/div><\/div><\/div><\/div><\/div>\n","protected":false},"excerpt":{"rendered":"","protected":false},"author":3,"featured_media":0,"parent":0,"menu_order":0,"comment_status":"closed","ping_status":"closed","template":"100-width.php","meta":{"footnotes":""},"class_list":["post-2715","page","type-page","status-publish","hentry"],"yoast_head":"<!-- This site is optimized with the Yoast SEO plugin v27.5 - https:\/\/yoast.com\/product\/yoast-seo-wordpress\/ -->\n<title>Contacto - Auxilia Recrutement<\/title>\n<meta name=\"robots\" content=\"index, follow, max-snippet:-1, max-image-preview:large, max-video-preview:-1\" \/>\n<link rel=\"canonical\" href=\"https:\/\/auxilia-recrutement.com\/contact\/\" \/>\n<meta property=\"og:locale\" content=\"pt_PT\" \/>\n<meta property=\"og:type\" content=\"article\" \/>\n<meta property=\"og:title\" content=\"Contacto - Auxilia Recrutement\" \/>\n<meta property=\"og:url\" content=\"https:\/\/auxilia-recrutement.com\/contact\/\" \/>\n<meta property=\"og:site_name\" content=\"Auxilia Recrutement\" \/>\n<meta property=\"article:modified_time\" content=\"2024-02-26T08:48:24+00:00\" \/>\n<meta name=\"twitter:card\" content=\"summary_large_image\" \/>\n<meta name=\"twitter:label1\" content=\"Tempo estimado de leitura\" \/>\n\t<meta name=\"twitter:data1\" content=\"7 minutos\" \/>\n<script type=\"application\/ld+json\" class=\"yoast-schema-graph\">{\"@context\":\"https:\\\/\\\/schema.org\",\"@graph\":[{\"@type\":\"WebPage\",\"@id\":\"https:\\\/\\\/auxilia-recrutement.com\\\/contact\\\/\",\"url\":\"https:\\\/\\\/auxilia-recrutement.com\\\/contact\\\/\",\"name\":\"Contacto - Auxilia Recrutement\",\"isPartOf\":{\"@id\":\"https:\\\/\\\/auxilia-recrutement.com\\\/#website\"},\"datePublished\":\"2022-08-22T12:29:07+00:00\",\"dateModified\":\"2024-02-26T08:48:24+00:00\",\"breadcrumb\":{\"@id\":\"https:\\\/\\\/auxilia-recrutement.com\\\/contact\\\/#breadcrumb\"},\"inLanguage\":\"pt-PT\",\"potentialAction\":[{\"@type\":\"ReadAction\",\"target\":[\"https:\\\/\\\/auxilia-recrutement.com\\\/contact\\\/\"]}]},{\"@type\":\"BreadcrumbList\",\"@id\":\"https:\\\/\\\/auxilia-recrutement.com\\\/contact\\\/#breadcrumb\",\"itemListElement\":[{\"@type\":\"ListItem\",\"position\":1,\"name\":\"Accueil\",\"item\":\"https:\\\/\\\/auxilia-recrutement.com\\\/pt-pt\\\/\"},{\"@type\":\"ListItem\",\"position\":2,\"name\":\"Contacto\"}]},{\"@type\":\"WebSite\",\"@id\":\"https:\\\/\\\/auxilia-recrutement.com\\\/#website\",\"url\":\"https:\\\/\\\/auxilia-recrutement.com\\\/\",\"name\":\"Auxilia Recrutement\",\"description\":\"Cabinet en Recrutement et Chasse de T&ecirc;te\",\"potentialAction\":[{\"@type\":\"SearchAction\",\"target\":{\"@type\":\"EntryPoint\",\"urlTemplate\":\"https:\\\/\\\/auxilia-recrutement.com\\\/?s={search_term_string}\"},\"query-input\":{\"@type\":\"PropertyValueSpecification\",\"valueRequired\":true,\"valueName\":\"search_term_string\"}}],\"inLanguage\":\"pt-PT\"}]}<\/script>\n<!-- \/ Yoast SEO plugin. -->","yoast_head_json":{"title":"Contacto - Auxilia Recrutement","robots":{"index":"index","follow":"follow","max-snippet":"max-snippet:-1","max-image-preview":"max-image-preview:large","max-video-preview":"max-video-preview:-1"},"canonical":"https:\/\/auxilia-recrutement.com\/contact\/","og_locale":"pt_PT","og_type":"article","og_title":"Contacto - Auxilia Recrutement","og_url":"https:\/\/auxilia-recrutement.com\/contact\/","og_site_name":"Auxilia Recrutement","article_modified_time":"2024-02-26T08:48:24+00:00","twitter_card":"summary_large_image","twitter_misc":{"Tempo estimado de leitura":"7 minutos"},"schema":{"@context":"https:\/\/schema.org","@graph":[{"@type":"WebPage","@id":"https:\/\/auxilia-recrutement.com\/contact\/","url":"https:\/\/auxilia-recrutement.com\/contact\/","name":"Contacto - Auxilia Recrutement","isPartOf":{"@id":"https:\/\/auxilia-recrutement.com\/#website"},"datePublished":"2022-08-22T12:29:07+00:00","dateModified":"2024-02-26T08:48:24+00:00","breadcrumb":{"@id":"https:\/\/auxilia-recrutement.com\/contact\/#breadcrumb"},"inLanguage":"pt-PT","potentialAction":[{"@type":"ReadAction","target":["https:\/\/auxilia-recrutement.com\/contact\/"]}]},{"@type":"BreadcrumbList","@id":"https:\/\/auxilia-recrutement.com\/contact\/#breadcrumb","itemListElement":[{"@type":"ListItem","position":1,"name":"Accueil","item":"https:\/\/auxilia-recrutement.com\/pt-pt\/"},{"@type":"ListItem","position":2,"name":"Contacto"}]},{"@type":"WebSite","@id":"https:\/\/auxilia-recrutement.com\/#website","url":"https:\/\/auxilia-recrutement.com\/","name":"Auxilia Recrutement","description":"Cabinet en Recrutement et Chasse de T&ecirc;te","potentialAction":[{"@type":"SearchAction","target":{"@type":"EntryPoint","urlTemplate":"https:\/\/auxilia-recrutement.com\/?s={search_term_string}"},"query-input":{"@type":"PropertyValueSpecification","valueRequired":true,"valueName":"search_term_string"}}],"inLanguage":"pt-PT"}]}},"_links":{"self":[{"href":"https:\/\/auxilia-recrutement.com\/pt-pt\/wp-json\/wp\/v2\/pages\/2715","targetHints":{"allow":["GET"]}}],"collection":[{"href":"https:\/\/auxilia-recrutement.com\/pt-pt\/wp-json\/wp\/v2\/pages"}],"about":[{"href":"https:\/\/auxilia-recrutement.com\/pt-pt\/wp-json\/wp\/v2\/types\/page"}],"author":[{"embeddable":true,"href":"https:\/\/auxilia-recrutement.com\/pt-pt\/wp-json\/wp\/v2\/users\/3"}],"replies":[{"embeddable":true,"href":"https:\/\/auxilia-recrutement.com\/pt-pt\/wp-json\/wp\/v2\/comments?post=2715"}],"version-history":[{"count":22,"href":"https:\/\/auxilia-recrutement.com\/pt-pt\/wp-json\/wp\/v2\/pages\/2715\/revisions"}],"predecessor-version":[{"id":2887,"href":"https:\/\/auxilia-recrutement.com\/pt-pt\/wp-json\/wp\/v2\/pages\/2715\/revisions\/2887"}],"wp:attachment":[{"href":"https:\/\/auxilia-recrutement.com\/pt-pt\/wp-json\/wp\/v2\/media?parent=2715"}],"curies":[{"name":"wp","href":"https:\/\/api.w.org\/{rel}","templated":true}]}}